{"id":2,"date":"2024-04-28T12:02:31","date_gmt":"2024-04-28T12:02:31","guid":{"rendered":"https:\/\/kunst-kastner.de\/?page_id=2"},"modified":"2024-05-13T18:05:08","modified_gmt":"2024-05-13T18:05:08","slug":"galerie","status":"publish","type":"page","link":"https:\/\/kunst-kastner.de\/index.php\/galerie\/","title":{"rendered":"Galerie"},"content":{"rendered":"\n<p>Hier werden einige Bilder in verschiedenen Galerien zu betrachten sein, wovon sich auch einige im Gesch\u00e4ft erwerben lassen.<\/p>\n\n\n\n<blockquote class=\"wp-block-quote is-layout-flow wp-block-quote-is-layout-flow\">\n<p>Unm\u00f6gliche Kunst und der K\u00fcnstler<\/p>\n\n\n\n<p>Wolfram P. Kastner <\/p>\n<\/blockquote>\n\n\n\n<figure class=\"wp-block-gallery has-nested-images columns-default is-cropped wp-block-gallery-1 is-layout-flex wp-block-gallery-is-layout-flex\">\n<figure class=\"wp-block-image size-large\"><img loading=\"lazy\" decoding=\"async\" width=\"400\" height=\"270\" data-id=\"29\" src=\"https:\/\/kunst-kastner.de\/wp-content\/uploads\/2024\/05\/Saeulenwanderung-Berlin-BrandenburgerTor.jpg\" alt=\"S\u00e4ulenwanderung - Photoserie mit einigen Stationen in Europa - Szene Brandenburger Tor\" class=\"wp-image-29\" srcset=\"https:\/\/kunst-kastner.de\/wp-content\/uploads\/2024\/05\/Saeulenwanderung-Berlin-BrandenburgerTor.jpg 400w, https:\/\/kunst-kastner.de\/wp-content\/uploads\/2024\/05\/Saeulenwanderung-Berlin-BrandenburgerTor-300x203.jpg 300w\" sizes=\"auto, (max-width: 400px) 100vw, 400px\" \/><figcaption class=\"wp-element-caption\">S\u00e4ulenwanderung &#8211; Brandenburger Tor<\/figcaption><\/figure>\n\n\n\n<figure class=\"wp-block-image size-large\"><img loading=\"lazy\" decoding=\"async\" width=\"400\" height=\"270\" data-id=\"27\" src=\"https:\/\/kunst-kastner.de\/wp-content\/uploads\/2024\/05\/Heine-Kissen-Deutschland-in-der-Nacht.jpg\" alt=\"Heine Kissen - Denk ich an Deutschland in der Nacht - Zitat - Auf Federn gebettet um den Schlaf gebracht\" class=\"wp-image-27\" srcset=\"https:\/\/kunst-kastner.de\/wp-content\/uploads\/2024\/05\/Heine-Kissen-Deutschland-in-der-Nacht.jpg 400w, https:\/\/kunst-kastner.de\/wp-content\/uploads\/2024\/05\/Heine-Kissen-Deutschland-in-der-Nacht-300x203.jpg 300w\" sizes=\"auto, (max-width: 400px) 100vw, 400px\" \/><figcaption class=\"wp-element-caption\">Heine Kissen von Wolfram P. Kastner<\/figcaption><\/figure>\n\n\n\n<figure class=\"wp-block-image size-large\"><img loading=\"lazy\" decoding=\"async\" width=\"400\" height=\"310\" data-id=\"21\" src=\"https:\/\/kunst-kastner.de\/wp-content\/uploads\/2024\/05\/niemand_fragt-politiker_antworten-postkarte.jpg\" alt=\"Niemand fragt - Politiker antworten - Postkarte\" class=\"wp-image-21\" srcset=\"https:\/\/kunst-kastner.de\/wp-content\/uploads\/2024\/05\/niemand_fragt-politiker_antworten-postkarte.jpg 400w, https:\/\/kunst-kastner.de\/wp-content\/uploads\/2024\/05\/niemand_fragt-politiker_antworten-postkarte-300x233.jpg 300w\" sizes=\"auto, (max-width: 400px) 100vw, 400px\" \/><figcaption class=\"wp-element-caption\">Niemand fragt &#8211; Politiker antworten<\/figcaption><\/figure>\n\n\n\n<figure class=\"wp-block-image size-large\"><img loading=\"lazy\" decoding=\"async\" width=\"1024\" height=\"715\" data-id=\"24\" src=\"https:\/\/kunst-kastner.de\/wp-content\/uploads\/2024\/05\/fish-n-butterfly-acryl-on-paper-wolfram-kastner-1024x715.jpg\" alt=\"Fish 'n Butterfly Acryl auf Papier - Wolfram Kastner\" class=\"wp-image-24\" srcset=\"https:\/\/kunst-kastner.de\/wp-content\/uploads\/2024\/05\/fish-n-butterfly-acryl-on-paper-wolfram-kastner-1024x715.jpg 1024w, https:\/\/kunst-kastner.de\/wp-content\/uploads\/2024\/05\/fish-n-butterfly-acryl-on-paper-wolfram-kastner-600x419.jpg 600w, https:\/\/kunst-kastner.de\/wp-content\/uploads\/2024\/05\/fish-n-butterfly-acryl-on-paper-wolfram-kastner-300x209.jpg 300w, https:\/\/kunst-kastner.de\/wp-content\/uploads\/2024\/05\/fish-n-butterfly-acryl-on-paper-wolfram-kastner-768x536.jpg 768w, https:\/\/kunst-kastner.de\/wp-content\/uploads\/2024\/05\/fish-n-butterfly-acryl-on-paper-wolfram-kastner.jpg 1136w\" sizes=\"auto, (max-width: 1024px) 100vw, 1024px\" \/><figcaption class=\"wp-element-caption\">Fish &#8217;n Butterfly<\/figcaption><\/figure>\n<\/figure>\n\n\n\n<p>a<\/p>\n\n\n\n<blockquote class=\"wp-block-quote is-style-default is-layout-flow wp-block-quote-is-layout-flow\">\n<p><\/p>\n<\/blockquote>\n\n\n\n<h2 class=\"wp-block-heading\">Einzel &amp; Gruppen Ausstellungen<\/h2>\n\n\n\n<p>Die Liste von Ausstellung ist lang.<\/p>\n","protected":false},"excerpt":{"rendered":"<p>Hier werden einige Bilder in verschiedenen Galerien zu betrachten sein, wovon sich auch einige im Gesch\u00e4ft erwerben lassen. Unm\u00f6gliche Kunst und der K\u00fcnstler Wolfram P. Kastner a Einzel &amp; Gruppen Ausstellungen Die Liste von Ausstellung ist lang.<\/p>\n","protected":false},"author":1,"featured_media":0,"parent":0,"menu_order":0,"comment_status":"closed","ping_status":"closed","template":"","meta":{"footnotes":""},"class_list":["post-2","page","type-page","status-publish","hentry"],"yoast_head":"<!-- This site is optimized with the Yoast SEO plugin v22.6 - https:\/\/yoast.com\/wordpress\/plugins\/seo\/ -->\n<title>Galerie - Kunst Kastner<\/title>\n<meta name=\"robots\" content=\"index, follow, max-snippet:-1, max-image-preview:large, max-video-preview:-1\" \/>\n<link rel=\"canonical\" href=\"https:\/\/kunst-kastner.de\/index.php\/galerie\/\" \/>\n<meta property=\"og:locale\" content=\"de_DE\" \/>\n<meta property=\"og:type\" content=\"article\" \/>\n<meta property=\"og:title\" content=\"Galerie - Kunst Kastner\" \/>\n<meta property=\"og:description\" content=\"Hier werden einige Bilder in verschiedenen Galerien zu betrachten sein, wovon sich auch einige im Gesch\u00e4ft erwerben lassen. Unm\u00f6gliche Kunst und der K\u00fcnstler Wolfram P. Kastner a Einzel &amp; Gruppen Ausstellungen Die Liste von Ausstellung ist lang.\" \/>\n<meta property=\"og:url\" content=\"https:\/\/kunst-kastner.de\/index.php\/galerie\/\" \/>\n<meta property=\"og:site_name\" content=\"Kunst Kastner\" \/>\n<meta property=\"article:modified_time\" content=\"2024-05-13T18:05:08+00:00\" \/>\n<meta property=\"og:image\" content=\"https:\/\/kunst-kastner.de\/wp-content\/uploads\/2024\/05\/Saeulenwanderung-Berlin-BrandenburgerTor.jpg\" \/>\n<meta name=\"twitter:card\" content=\"summary_large_image\" \/>\n<meta name=\"twitter:label1\" content=\"Gesch\u00e4tzte Lesezeit\" \/>\n\t<meta name=\"twitter:data1\" content=\"2\u00a0Minuten\" \/>\n<script type=\"application\/ld+json\" class=\"yoast-schema-graph\">{\"@context\":\"https:\/\/schema.org\",\"@graph\":[{\"@type\":\"WebPage\",\"@id\":\"https:\/\/kunst-kastner.de\/index.php\/galerie\/\",\"url\":\"https:\/\/kunst-kastner.de\/index.php\/galerie\/\",\"name\":\"Galerie - Kunst Kastner\",\"isPartOf\":{\"@id\":\"https:\/\/kunst-kastner.de\/#website\"},\"primaryImageOfPage\":{\"@id\":\"https:\/\/kunst-kastner.de\/index.php\/galerie\/#primaryimage\"},\"image\":{\"@id\":\"https:\/\/kunst-kastner.de\/index.php\/galerie\/#primaryimage\"},\"thumbnailUrl\":\"https:\/\/kunst-kastner.de\/wp-content\/uploads\/2024\/05\/Saeulenwanderung-Berlin-BrandenburgerTor.jpg\",\"datePublished\":\"2024-04-28T12:02:31+00:00\",\"dateModified\":\"2024-05-13T18:05:08+00:00\",\"breadcrumb\":{\"@id\":\"https:\/\/kunst-kastner.de\/index.php\/galerie\/#breadcrumb\"},\"inLanguage\":\"de\",\"potentialAction\":[{\"@type\":\"ReadAction\",\"target\":[\"https:\/\/kunst-kastner.de\/index.php\/galerie\/\"]}]},{\"@type\":\"ImageObject\",\"inLanguage\":\"de\",\"@id\":\"https:\/\/kunst-kastner.de\/index.php\/galerie\/#primaryimage\",\"url\":\"https:\/\/kunst-kastner.de\/wp-content\/uploads\/2024\/05\/Saeulenwanderung-Berlin-BrandenburgerTor.jpg\",\"contentUrl\":\"https:\/\/kunst-kastner.de\/wp-content\/uploads\/2024\/05\/Saeulenwanderung-Berlin-BrandenburgerTor.jpg\",\"width\":400,\"height\":270,\"caption\":\"S\u00e4ulenwanderung - Brandenburger Tor\"},{\"@type\":\"BreadcrumbList\",\"@id\":\"https:\/\/kunst-kastner.de\/index.php\/galerie\/#breadcrumb\",\"itemListElement\":[{\"@type\":\"ListItem\",\"position\":1,\"name\":\"Startseite\",\"item\":\"https:\/\/kunst-kastner.de\/\"},{\"@type\":\"ListItem\",\"position\":2,\"name\":\"Galerie\"}]},{\"@type\":\"WebSite\",\"@id\":\"https:\/\/kunst-kastner.de\/#website\",\"url\":\"https:\/\/kunst-kastner.de\/\",\"name\":\"Kunst Kastner\",\"description\":\"Kunst zu erwerben\",\"potentialAction\":[{\"@type\":\"SearchAction\",\"target\":{\"@type\":\"EntryPoint\",\"urlTemplate\":\"https:\/\/kunst-kastner.de\/?s={search_term_string}\"},\"query-input\":\"required name=search_term_string\"}],\"inLanguage\":\"de\"}]}<\/script>\n<!-- \/ Yoast SEO plugin. -->","yoast_head_json":{"title":"Galerie - Kunst Kastner","robots":{"index":"index","follow":"follow","max-snippet":"max-snippet:-1","max-image-preview":"max-image-preview:large","max-video-preview":"max-video-preview:-1"},"canonical":"https:\/\/kunst-kastner.de\/index.php\/galerie\/","og_locale":"de_DE","og_type":"article","og_title":"Galerie - Kunst Kastner","og_description":"Hier werden einige Bilder in verschiedenen Galerien zu betrachten sein, wovon sich auch einige im Gesch\u00e4ft erwerben lassen. Unm\u00f6gliche Kunst und der K\u00fcnstler Wolfram P. Kastner a Einzel &amp; Gruppen Ausstellungen Die Liste von Ausstellung ist lang.","og_url":"https:\/\/kunst-kastner.de\/index.php\/galerie\/","og_site_name":"Kunst Kastner","article_modified_time":"2024-05-13T18:05:08+00:00","og_image":[{"url":"https:\/\/kunst-kastner.de\/wp-content\/uploads\/2024\/05\/Saeulenwanderung-Berlin-BrandenburgerTor.jpg"}],"twitter_card":"summary_large_image","twitter_misc":{"Gesch\u00e4tzte Lesezeit":"2\u00a0Minuten"},"schema":{"@context":"https:\/\/schema.org","@graph":[{"@type":"WebPage","@id":"https:\/\/kunst-kastner.de\/index.php\/galerie\/","url":"https:\/\/kunst-kastner.de\/index.php\/galerie\/","name":"Galerie - Kunst Kastner","isPartOf":{"@id":"https:\/\/kunst-kastner.de\/#website"},"primaryImageOfPage":{"@id":"https:\/\/kunst-kastner.de\/index.php\/galerie\/#primaryimage"},"image":{"@id":"https:\/\/kunst-kastner.de\/index.php\/galerie\/#primaryimage"},"thumbnailUrl":"https:\/\/kunst-kastner.de\/wp-content\/uploads\/2024\/05\/Saeulenwanderung-Berlin-BrandenburgerTor.jpg","datePublished":"2024-04-28T12:02:31+00:00","dateModified":"2024-05-13T18:05:08+00:00","breadcrumb":{"@id":"https:\/\/kunst-kastner.de\/index.php\/galerie\/#breadcrumb"},"inLanguage":"de","potentialAction":[{"@type":"ReadAction","target":["https:\/\/kunst-kastner.de\/index.php\/galerie\/"]}]},{"@type":"ImageObject","inLanguage":"de","@id":"https:\/\/kunst-kastner.de\/index.php\/galerie\/#primaryimage","url":"https:\/\/kunst-kastner.de\/wp-content\/uploads\/2024\/05\/Saeulenwanderung-Berlin-BrandenburgerTor.jpg","contentUrl":"https:\/\/kunst-kastner.de\/wp-content\/uploads\/2024\/05\/Saeulenwanderung-Berlin-BrandenburgerTor.jpg","width":400,"height":270,"caption":"S\u00e4ulenwanderung - Brandenburger Tor"},{"@type":"BreadcrumbList","@id":"https:\/\/kunst-kastner.de\/index.php\/galerie\/#breadcrumb","itemListElement":[{"@type":"ListItem","position":1,"name":"Startseite","item":"https:\/\/kunst-kastner.de\/"},{"@type":"ListItem","position":2,"name":"Galerie"}]},{"@type":"WebSite","@id":"https:\/\/kunst-kastner.de\/#website","url":"https:\/\/kunst-kastner.de\/","name":"Kunst Kastner","description":"Kunst zu erwerben","potentialAction":[{"@type":"SearchAction","target":{"@type":"EntryPoint","urlTemplate":"https:\/\/kunst-kastner.de\/?s={search_term_string}"},"query-input":"required name=search_term_string"}],"inLanguage":"de"}]}},"_links":{"self":[{"href":"https:\/\/kunst-kastner.de\/index.php\/wp-json\/wp\/v2\/pages\/2","targetHints":{"allow":["GET"]}}],"collection":[{"href":"https:\/\/kunst-kastner.de\/index.php\/wp-json\/wp\/v2\/pages"}],"about":[{"href":"https:\/\/kunst-kastner.de\/index.php\/wp-json\/wp\/v2\/types\/page"}],"author":[{"embeddable":true,"href":"https:\/\/kunst-kastner.de\/index.php\/wp-json\/wp\/v2\/users\/1"}],"replies":[{"embeddable":true,"href":"https:\/\/kunst-kastner.de\/index.php\/wp-json\/wp\/v2\/comments?post=2"}],"version-history":[{"count":5,"href":"https:\/\/kunst-kastner.de\/index.php\/wp-json\/wp\/v2\/pages\/2\/revisions"}],"predecessor-version":[{"id":118,"href":"https:\/\/kunst-kastner.de\/index.php\/wp-json\/wp\/v2\/pages\/2\/revisions\/118"}],"wp:attachment":[{"href":"https:\/\/kunst-kastner.de\/index.php\/wp-json\/wp\/v2\/media?parent=2"}],"curies":[{"name":"wp","href":"https:\/\/api.w.org\/{rel}","templated":true}]}}